{"id":459,"date":"2023-07-26T14:11:36","date_gmt":"2023-07-26T14:11:36","guid":{"rendered":"https:\/\/elegant-mirzakhani.88-151-65-91.plesk.page\/?page_id=459"},"modified":"2023-07-27T08:55:50","modified_gmt":"2023-07-27T08:55:50","slug":"impressum","status":"publish","type":"page","link":"https:\/\/elegant-mirzakhani.88-151-65-91.plesk.page\/?page_id=459","title":{"rendered":"Impressum"},"content":{"rendered":"<section  class='av_textblock_section av-lkkx6h1r-b37e38b83fdffe9a67d8330db8c5fb6e '   itemscope=\"itemscope\" itemtype=\"https:\/\/schema.org\/CreativeWork\" ><div class='avia_textblock'  itemprop=\"text\" ><h6>Angaben gem\u00e4\u00df \u00a7 5 TMG:<\/h6>\n<p>Exner Gr\u00fcne Innovation GmbH<br \/>\nGesch\u00e4ftsf\u00fchrer: Wolfgang Gr\u00fcne<\/p>\n<p>Roermonderstra\u00dfe 100<br \/>\n41379 Br\u00fcggen<\/p>\n<p>Mobil:+49 171 1755178<\/p>\n<p>Umsatzsteuernr.: DE327395361<br \/>\nHRB: 17972<br \/>\nSteuernr.: 102\/5086\/1121<\/p>\n<p><strong>Verantwortlich f\u00fcr den Inhalt nach \u00a7 55 Abs. 2 RStV<br \/>\n<\/strong>Wolfgang Gr\u00fcne<\/p>\n<p>Layout<strong><br \/>\n<\/strong>\u00a9 Copyright by Elita Wiegand<\/p>\n<p>Online-Streitbeilegung gem\u00e4\u00df Art. 14 Abs. 1 ODR-VO:<br \/>\nDie Europ\u00e4ische Kommission stellt eine Plattform zur Online-Streitbeilegung (OS) bereit, die Sie unter\u00a0<a href=\"http:\/\/ec.europa.eu\/consumers\/odr\/\" target=\"_blank\" rel=\"noopener\">http:\/\/ec.europa.eu\/consumers\/odr\/<\/a>\u00a0finden.<\/p>\n<\/div><\/section>\n","protected":false},"excerpt":{"rendered":"","protected":false},"author":1,"featured_media":0,"parent":0,"menu_order":0,"comment_status":"closed","ping_status":"closed","template":"","meta":{"footnotes":""},"_links":{"self":[{"href":"https:\/\/elegant-mirzakhani.88-151-65-91.plesk.page\/index.php?rest_route=\/wp\/v2\/pages\/459"}],"collection":[{"href":"https:\/\/elegant-mirzakhani.88-151-65-91.plesk.page\/index.php?rest_route=\/wp\/v2\/pages"}],"about":[{"href":"https:\/\/elegant-mirzakhani.88-151-65-91.plesk.page\/index.php?rest_route=\/wp\/v2\/types\/page"}],"author":[{"embeddable":true,"href":"https:\/\/elegant-mirzakhani.88-151-65-91.plesk.page\/index.php?rest_route=\/wp\/v2\/users\/1"}],"replies":[{"embeddable":true,"href":"https:\/\/elegant-mirzakhani.88-151-65-91.plesk.page\/index.php?rest_route=%2Fwp%2Fv2%2Fcomments&post=459"}],"version-history":[{"count":4,"href":"https:\/\/elegant-mirzakhani.88-151-65-91.plesk.page\/index.php?rest_route=\/wp\/v2\/pages\/459\/revisions"}],"predecessor-version":[{"id":489,"href":"https:\/\/elegant-mirzakhani.88-151-65-91.plesk.page\/index.php?rest_route=\/wp\/v2\/pages\/459\/revisions\/489"}],"wp:attachment":[{"href":"https:\/\/elegant-mirzakhani.88-151-65-91.plesk.page\/index.php?rest_route=%2Fwp%2Fv2%2Fmedia&parent=459"}],"curies":[{"name":"wp","href":"https:\/\/api.w.org\/{rel}","templated":true}]}}