{"id":263,"date":"2023-07-23T08:58:04","date_gmt":"2023-07-23T08:58:04","guid":{"rendered":"https:\/\/elegant-mirzakhani.88-151-65-91.plesk.page\/?page_id=263"},"modified":"2023-07-27T10:36:30","modified_gmt":"2023-07-27T10:36:30","slug":"ueber-uns","status":"publish","type":"page","link":"https:\/\/elegant-mirzakhani.88-151-65-91.plesk.page\/?page_id=263","title":{"rendered":"\u00dcber uns"},"content":{"rendered":"\n<style type=\"text\/css\" data-created_by=\"avia_inline_auto\" id=\"style-css-av-lkgthtuu-f8ef7dc633b61632d07dfec677f4fb4a\">\n.avia-section.av-lkgthtuu-f8ef7dc633b61632d07dfec677f4fb4a{\nbackground-color:#67a800;\nbackground-image:unset;\n}\n<\/style>\n<div id='av_section_1'  class='avia-section av-lkgthtuu-f8ef7dc633b61632d07dfec677f4fb4a main_color avia-section-default avia-no-border-styling  avia-builder-el-0  el_before_av_one_full  avia-builder-el-first  avia-bg-style-scroll container_wrap sidebar_right'  ><div class='container av-section-cont-open' ><main  role=\"main\" itemprop=\"mainContentOfPage\"  class='template-page content  av-content-small alpha units'><div class='post-entry post-entry-type-page post-entry-263'><div class='entry-content-wrapper clearfix'>\n\n<style type=\"text\/css\" data-created_by=\"avia_inline_auto\" id=\"style-css-av-lkgtimr9-be76e4fbfdc1f26fdb78f88f2c8f080f\">\n#top .av-special-heading.av-lkgtimr9-be76e4fbfdc1f26fdb78f88f2c8f080f{\npadding-bottom:10px;\ncolor:#ffffff;\nfont-size:30px;\n}\nbody .av-special-heading.av-lkgtimr9-be76e4fbfdc1f26fdb78f88f2c8f080f .av-special-heading-tag .heading-char{\nfont-size:25px;\n}\n#top #wrap_all .av-special-heading.av-lkgtimr9-be76e4fbfdc1f26fdb78f88f2c8f080f .av-special-heading-tag{\nfont-size:30px;\n}\n.av-special-heading.av-lkgtimr9-be76e4fbfdc1f26fdb78f88f2c8f080f .special-heading-inner-border{\nborder-color:#ffffff;\n}\n.av-special-heading.av-lkgtimr9-be76e4fbfdc1f26fdb78f88f2c8f080f .av-subheading{\nfont-size:15px;\n}\n\n@media only screen and (min-width: 480px) and (max-width: 767px){ \n#top #wrap_all .av-special-heading.av-lkgtimr9-be76e4fbfdc1f26fdb78f88f2c8f080f .av-special-heading-tag{\nfont-size:0.8em;\n}\n}\n\n@media only screen and (max-width: 479px){ \n#top #wrap_all .av-special-heading.av-lkgtimr9-be76e4fbfdc1f26fdb78f88f2c8f080f .av-special-heading-tag{\nfont-size:0.8em;\n}\n}\n<\/style>\n<div  class='av-special-heading av-lkgtimr9-be76e4fbfdc1f26fdb78f88f2c8f080f av-special-heading-h4 custom-color-heading blockquote modern-quote modern-centered  avia-builder-el-1  avia-builder-el-no-sibling  av-inherit-size'><h4 class='av-special-heading-tag'  itemprop=\"headline\"  >\u00dcber uns <\/h4><div class=\"special-heading-border\"><div class=\"special-heading-inner-border\"><\/div><\/div><\/div>\n<\/div><\/div><\/main><!-- close content main element --><\/div><\/div><div id='after_section_1'  class='main_color av_default_container_wrap container_wrap sidebar_right'  ><div class='container av-section-cont-open' ><div class='template-page content  av-content-small alpha units'><div class='post-entry post-entry-type-page post-entry-263'><div class='entry-content-wrapper clearfix'>\n<div  class='flex_column av-fkq5r-bedc151bcd7a93d506d74feca5b51204 av_one_full  avia-builder-el-2  el_after_av_section  el_before_av_section  avia-builder-el-no-sibling  first flex_column_div  '     ><style type=\"text\/css\" data-created_by=\"avia_inline_auto\" id=\"style-css-av-lkgq5w27-113098b9cea837422d3092b127dd8d99\">\n#top .av_textblock_section.av-lkgq5w27-113098b9cea837422d3092b127dd8d99 .avia_textblock{\ncolor:#000000;\n}\n<\/style>\n<section  class='av_textblock_section av-lkgq5w27-113098b9cea837422d3092b127dd8d99 '   itemscope=\"itemscope\" itemtype=\"https:\/\/schema.org\/CreativeWork\" ><div class='avia_textblock av_inherit_color'  itemprop=\"text\" ><p>Das Unternehmen \u201eExner Gr\u00fcne Innovation\u201c ist die erfolgreiche Fortsetzung einer Firmengeschichte, die bereits 1977 begann. L\u00e4ngst hat sich das Unternehmen auf technische Innovationen im Gartenbau und in der Landwirtschaft fokussiert. Angetrieben von der Vision, die Landwirtschaft nachhaltiger, effizienter und sozial-\u00f6kologischer zu gestalten, wurden viele Projekte im Bereich Aquaponik, Indoor Farming und&#8212;- realisiert.<\/p>\n<h6>Unsere Mission<\/h6>\n<p>Unsere Mission ist es dazu beizutragen, Teil einer urbanen Revolution zu sein, um auch in Zukunft weltweit Menschen zu ern\u00e4hren und gleichzeitig CO2 einzusparen, Lebensmittel lokal zu produzieren und den Ertrag zu erh\u00f6hen.<\/p>\n<h6>Unsere Werte<\/h6>\n<p>Unsere Unternehmenskultur basiert auf Vertrauen, Wertsch\u00e4tzung und Respekt. Uns ist eine kooperative Zusammenarbeit auf Augenh\u00f6he mit unseren Kunden wichtig. Verl\u00e4sslichkeit geh\u00f6rt dazu, aber auch unsere Freude an der Gestaltung einer lebenswerten Zukunft und einer Arbeit, die Sinn macht.<\/p>\n<p>Wir lieben, das was wir tun. In unseren Projekten steckt Leidenschaft und deshalb ist es uns wichtig, dass wir bestm\u00f6gliche Ergebnisse f\u00fcr unsere Kunden erreichen. Wir sind offen f\u00fcr Ver\u00e4nderungen, lernen dazu, um Potentiale auszusch\u00f6pfen und entwickeln so auch neue technologische L\u00f6sungen.<\/p>\n<h6>Herausforderungen sehen wir als eine M\u00f6glichkeit unsere Expertise zu erweitern und Chancen zu nutzen.<\/h6>\n<\/div><\/section><\/div>\n<\/div><\/div><\/div><!-- close content main div --><\/div><\/div>\n<style type=\"text\/css\" data-created_by=\"avia_inline_auto\" id=\"style-css-av-lkgrp747-73c39d1daf84e6be7abbe521ea8451a1\">\n.avia-section.av-lkgrp747-73c39d1daf84e6be7abbe521ea8451a1{\nbackground-color:#67a800;\nbackground-image:unset;\n}\n<\/style>\n<div id='av_section_2'  class='avia-section av-lkgrp747-73c39d1daf84e6be7abbe521ea8451a1 main_color avia-section-default avia-no-border-styling  avia-builder-el-4  el_after_av_one_full  el_before_av_section  avia-bg-style-scroll container_wrap sidebar_right'  ><div class='container av-section-cont-open' ><div class='template-page content  av-content-small alpha units'><div class='post-entry post-entry-type-page post-entry-263'><div class='entry-content-wrapper clearfix'>\n\n<style type=\"text\/css\" data-created_by=\"avia_inline_auto\" id=\"style-css-av-lkgrq7xi-cd38405023a96c65c1b958500ec35410\">\n#top .av-special-heading.av-lkgrq7xi-cd38405023a96c65c1b958500ec35410{\npadding-bottom:10px;\ncolor:#ffffff;\nfont-size:30px;\n}\nbody .av-special-heading.av-lkgrq7xi-cd38405023a96c65c1b958500ec35410 .av-special-heading-tag .heading-char{\nfont-size:25px;\n}\n#top #wrap_all .av-special-heading.av-lkgrq7xi-cd38405023a96c65c1b958500ec35410 .av-special-heading-tag{\nfont-size:30px;\n}\n.av-special-heading.av-lkgrq7xi-cd38405023a96c65c1b958500ec35410 .special-heading-inner-border{\nborder-color:#ffffff;\n}\n.av-special-heading.av-lkgrq7xi-cd38405023a96c65c1b958500ec35410 .av-subheading{\nfont-size:15px;\n}\n\n@media only screen and (min-width: 480px) and (max-width: 767px){ \n#top #wrap_all .av-special-heading.av-lkgrq7xi-cd38405023a96c65c1b958500ec35410 .av-special-heading-tag{\nfont-size:0.8em;\n}\n}\n\n@media only screen and (max-width: 479px){ \n#top #wrap_all .av-special-heading.av-lkgrq7xi-cd38405023a96c65c1b958500ec35410 .av-special-heading-tag{\nfont-size:0.8em;\n}\n}\n<\/style>\n<div  class='av-special-heading av-lkgrq7xi-cd38405023a96c65c1b958500ec35410 av-special-heading-h4 custom-color-heading blockquote modern-quote modern-centered  avia-builder-el-5  avia-builder-el-no-sibling  av-inherit-size'><h4 class='av-special-heading-tag'  itemprop=\"headline\"  >Die Gesch\u00e4ftsf\u00fchrer <\/h4><div class=\"special-heading-border\"><div class=\"special-heading-inner-border\"><\/div><\/div><\/div>\n\n<\/div><\/div><\/div><!-- close content main div --><\/div><\/div>\n<style type=\"text\/css\" data-created_by=\"avia_inline_auto\" id=\"style-css-av-lkgr654p-505aab93469793f186c376256b6ee73b\">\n.avia-section.av-lkgr654p-505aab93469793f186c376256b6ee73b{\nbackground-color:#ffffff;\nbackground-image:unset;\n}\n<\/style>\n<div id='av_section_3'  class='avia-section av-lkgr654p-505aab93469793f186c376256b6ee73b main_color avia-section-default avia-no-shadow  avia-builder-el-6  el_after_av_section  el_before_av_one_fourth  avia-bg-style-scroll container_wrap sidebar_right'  ><div class='container av-section-cont-open' ><div class='template-page content  av-content-small alpha units'><div class='post-entry post-entry-type-page post-entry-263'><div class='entry-content-wrapper clearfix'>\n\n<style type=\"text\/css\" data-created_by=\"avia_inline_auto\" id=\"style-css-av-b651z-823e95b4ed88bb2f6251b6c83ae65a71\">\n.flex_column.av-b651z-823e95b4ed88bb2f6251b6c83ae65a71{\nborder-width:5px;\nborder-style:solid;\n}\n<\/style>\n<div  class='flex_column av-b651z-823e95b4ed88bb2f6251b6c83ae65a71 av_one_fourth  avia-builder-el-7  el_before_av_three_fourth  avia-builder-el-first  first flex_column_div  '     ><style type=\"text\/css\" data-created_by=\"avia_inline_auto\" id=\"style-css-av-dxzyn-1ef681fd79c5d07de55b19fbb7624c6b\">\n.avia-image-container.av-dxzyn-1ef681fd79c5d07de55b19fbb7624c6b img.avia_image{\nbox-shadow:none;\n}\n.avia-image-container.av-dxzyn-1ef681fd79c5d07de55b19fbb7624c6b .av-image-caption-overlay-center{\ncolor:#ffffff;\n}\n<\/style>\n<div  class='avia-image-container av-dxzyn-1ef681fd79c5d07de55b19fbb7624c6b av-styling-no-styling avia-align-center  avia-builder-el-8  avia-builder-el-no-sibling '   itemprop=\"image\" itemscope=\"itemscope\" itemtype=\"https:\/\/schema.org\/ImageObject\" ><div class=\"avia-image-container-inner\"><div class=\"avia-image-overlay-wrap\"><img decoding=\"async\" class='wp-image-343 avia-img-lazy-loading-not-343 avia_image ' src=\"https:\/\/elegant-mirzakhani.88-151-65-91.plesk.page\/wp-content\/uploads\/2023\/07\/Wolfgang-Gruene.jpg\" alt='' title='Wolfgang Gr\u00fcne'  height=\"277\" width=\"301\"  itemprop=\"thumbnailUrl\"  \/><\/div><\/div><\/div><\/div><div  class='flex_column av-tg3s7-b1422e637de3eb0840278ddbbda380b2 av_three_fourth  avia-builder-el-9  el_after_av_one_fourth  avia-builder-el-last  flex_column_div  '     ><section  class='av_textblock_section av-lkgr2j00-568fb3859e5ab83e4c3f254d45c2643e '   itemscope=\"itemscope\" itemtype=\"https:\/\/schema.org\/CreativeWork\" ><div class='avia_textblock'  itemprop=\"text\" ><h6>Wolfgang Gr\u00fcne<\/h6>\n<p>Die Themen Fisch und Pflanzen begleiten mich schon fast mein gesamtes Leben. Insbesondere faszinieren mich geschlossene Kreislaufanlagen, in denen aquatische Organismen unter kontrollierten Bedingungen aufwachsen.<span style=\"font-size: 12.0pt; color: black;\">\u00a0<\/span><\/p>\n<p>Die Begeisterung begann, als ich noch sehr klein war. Damals pflanzte ich Zierpflanzen in Gro\u00dfmutters Garten um. Sp\u00e4ter wurden in einem kleinen Gew\u00e4chshaus und im Freiland viele verschiedene Sorten von Tomaten gepflanzt, aber auch exotische Pflanzen wie Chilis und Tabak.<span style=\"font-size: 12.0pt; color: black;\">\u00a0<\/span><\/p>\n<p>Als ich mit 19 Jahren auf das Thema Aquaponik stie\u00df, war das die M\u00f6glichkeit Pflanzen mit Fischen zu verbinden und ich habe meine Erfahrungen und mein Wissen vereint.<\/p>\n<p>Dazu habe ich einen Bachelorabschluss der Agrarwissenschaften mit Schwerpunkt Pflanzenproduktion absolviert und einen Masterabschluss auf Englisch im Bereich Aquakultur an der <a href=\"https:\/\/www.wur.nl\/de\/wageningen-university.htm\">Universit\u00e4t Wageningen<\/a>.<\/p>\n<p>Bereits 2017 habe ich mich als Berater selbstst\u00e4ndig gemacht &#8211; und jetzt trete ich in die Fu\u00dfstapfen des Firmengr\u00fcnders Dieter Exner.<\/p>\n<\/div><\/section><\/div>\n<\/div><\/div><\/div><!-- close content main div --><\/div><\/div><div id='after_section_3'  class='main_color av_default_container_wrap container_wrap sidebar_right'  ><div class='container av-section-cont-open' ><div class='template-page content  av-content-small alpha units'><div class='post-entry post-entry-type-page post-entry-263'><div class='entry-content-wrapper clearfix'>\n<div class='flex_column_table av-mkt07-be56b185b36b18124e94a5687f061469 sc-av_one_fourth av-equal-height-column-flextable'>\n<style type=\"text\/css\" data-created_by=\"avia_inline_auto\" id=\"style-css-av-mkt07-be56b185b36b18124e94a5687f061469\">\n.flex_column.av-mkt07-be56b185b36b18124e94a5687f061469{\nborder-width:5px;\nborder-color:#c9c9c9;\nborder-style:solid;\n}\n<\/style>\n<div  class='flex_column av-mkt07-be56b185b36b18124e94a5687f061469 av_one_fourth  avia-builder-el-11  el_after_av_section  el_before_av_three_fourth  avia-builder-el-first  first flex_column_table_cell av-equal-height-column av-align-top  '     ><style type=\"text\/css\" data-created_by=\"avia_inline_auto\" id=\"style-css-av-lkgt23d2-41b8e7c5542ee51d83c82f5c00108163\">\n.avia-image-container.av-lkgt23d2-41b8e7c5542ee51d83c82f5c00108163 img.avia_image{\nbox-shadow:none;\n}\n.avia-image-container.av-lkgt23d2-41b8e7c5542ee51d83c82f5c00108163 .av-image-caption-overlay-center{\ncolor:#ffffff;\n}\n<\/style>\n<div  class='avia-image-container av-lkgt23d2-41b8e7c5542ee51d83c82f5c00108163 av-styling- avia-align-center  avia-builder-el-12  avia-builder-el-no-sibling '   itemprop=\"image\" itemscope=\"itemscope\" itemtype=\"https:\/\/schema.org\/ImageObject\" ><div class=\"avia-image-container-inner\"><div class=\"avia-image-overlay-wrap\"><img decoding=\"async\" class='wp-image-340 avia-img-lazy-loading-not-340 avia_image ' src=\"https:\/\/elegant-mirzakhani.88-151-65-91.plesk.page\/wp-content\/uploads\/2023\/07\/Dieter-Exner-276x300.jpg\" alt='' title='Dieter Exner'  height=\"300\" width=\"276\"  itemprop=\"thumbnailUrl\" srcset=\"https:\/\/elegant-mirzakhani.88-151-65-91.plesk.page\/wp-content\/uploads\/2023\/07\/Dieter-Exner-276x300.jpg 276w, https:\/\/elegant-mirzakhani.88-151-65-91.plesk.page\/wp-content\/uploads\/2023\/07\/Dieter-Exner.jpg 334w\" sizes=\"(max-width: 276px) 100vw, 276px\" \/><\/div><\/div><\/div><\/div>\n<div class='av-flex-placeholder'><\/div><div  class='flex_column av-w7xb-0712e3309f5e6e4c1786f533d37a88a2 av_three_fourth  avia-builder-el-13  el_after_av_one_fourth  avia-builder-el-last  flex_column_table_cell av-equal-height-column av-align-top  '     ><section  class='av_textblock_section av-lkgr2uye-b29a436564e504b1d8812697a5105189 '   itemscope=\"itemscope\" itemtype=\"https:\/\/schema.org\/CreativeWork\" ><div class='avia_textblock'  itemprop=\"text\" ><h6>Dieter Exner<\/h6>\n<p>Ich bin in einer G\u00e4rtnerei in Stuttgart aufgewachsen.\u00a0 Nach der G\u00e4rtnerlehre kam ich 1976 nach West-Berlin und habe f\u00fcr damaligen Zeit in hochmodernen G\u00e4rtnerei mit Spezialgebiet Cyclamen (Alpenveilchen) gearbeitet &#8211; und 1979 \u00a0die Ausbildung zum staatlich gepr\u00fcften Gartenbautechnikers, als Jahrgangsbester abgeschlossen.<\/p>\n<p>Danach war ich zehn Jahre beim Gartenbauamt in Berlin Tempelhof als Dienstellenleiter und Mann f\u00fcr spezielle Aufgaben innerhalb des Amtes besch\u00e4ftigt.<\/p>\n<p>Wiederum zehn Jahre sp\u00e4ter habe ich die Gartenbau Einkaufsgenossenschaft Mahlow und Umgebung e.G inkl. Grund und Boden gekauft.<br \/>\nAus dem Gro\u00dfhandel f\u00fcr G\u00e4rtner wurde schnell ein Unternehmen f\u00fcr Gew\u00e4chshausbau in allen Facetten.<\/p>\n<p>2018 wurde das Firmengel\u00e4nde zu Wohnbauland verkauft, die Firmenanteile der Exner Gr\u00fcne Technik GmbH wurden von zwei Mitarbeiter<br \/>\ngekauft und diese Firma in Blankenfelde weitergef\u00fchrt.<\/p>\n<p>Seitdem besch\u00e4ftige ich mich mit innovativen Projekten, rund um den Gartenbau, als Berater, Planer und Generalunternehmer.<br \/>\nNun stehe wirklich nur noch als Berater zur Verf\u00fcgung, denn nach 50 Berufsjahren neigt sich die unternehmerische Halbwertzeit dem Ende zu.<\/p>\n<\/div><\/section><\/div><\/div><!--close column table wrapper. Autoclose: 1 -->\n","protected":false},"excerpt":{"rendered":"","protected":false},"author":1,"featured_media":0,"parent":0,"menu_order":0,"comment_status":"closed","ping_status":"closed","template":"","meta":{"footnotes":""},"_links":{"self":[{"href":"https:\/\/elegant-mirzakhani.88-151-65-91.plesk.page\/index.php?rest_route=\/wp\/v2\/pages\/263"}],"collection":[{"href":"https:\/\/elegant-mirzakhani.88-151-65-91.plesk.page\/index.php?rest_route=\/wp\/v2\/pages"}],"about":[{"href":"https:\/\/elegant-mirzakhani.88-151-65-91.plesk.page\/index.php?rest_route=\/wp\/v2\/types\/page"}],"author":[{"embeddable":true,"href":"https:\/\/elegant-mirzakhani.88-151-65-91.plesk.page\/index.php?rest_route=\/wp\/v2\/users\/1"}],"replies":[{"embeddable":true,"href":"https:\/\/elegant-mirzakhani.88-151-65-91.plesk.page\/index.php?rest_route=%2Fwp%2Fv2%2Fcomments&post=263"}],"version-history":[{"count":31,"href":"https:\/\/elegant-mirzakhani.88-151-65-91.plesk.page\/index.php?rest_route=\/wp\/v2\/pages\/263\/revisions"}],"predecessor-version":[{"id":501,"href":"https:\/\/elegant-mirzakhani.88-151-65-91.plesk.page\/index.php?rest_route=\/wp\/v2\/pages\/263\/revisions\/501"}],"wp:attachment":[{"href":"https:\/\/elegant-mirzakhani.88-151-65-91.plesk.page\/index.php?rest_route=%2Fwp%2Fv2%2Fmedia&parent=263"}],"curies":[{"name":"wp","href":"https:\/\/api.w.org\/{rel}","templated":true}]}}