{"id":25,"date":"2015-10-15T15:32:49","date_gmt":"2015-10-15T15:32:49","guid":{"rendered":"http:\/\/wpoffice\/construction\/?page_id=25"},"modified":"2023-07-27T09:03:36","modified_gmt":"2023-07-27T09:03:36","slug":"service","status":"publish","type":"page","link":"https:\/\/elegant-mirzakhani.88-151-65-91.plesk.page\/?page_id=25","title":{"rendered":"Projekte"},"content":{"rendered":"\n<style type=\"text\/css\" data-created_by=\"avia_inline_auto\" id=\"style-css-av-lkgvexd1-918262f0d9083f07bf3459c2ffcafe84\">\n.avia-section.av-lkgvexd1-918262f0d9083f07bf3459c2ffcafe84{\nbackground-color:#67a800;\nbackground-image:unset;\n}\n<\/style>\n<div id='av_section_1'  class='avia-section av-lkgvexd1-918262f0d9083f07bf3459c2ffcafe84 main_color avia-section-default avia-no-border-styling  avia-builder-el-0  el_before_av_hr  avia-builder-el-first  avia-bg-style-scroll container_wrap sidebar_right'  ><div class='container av-section-cont-open' ><main  role=\"main\" itemprop=\"mainContentOfPage\"  class='template-page content  av-content-small alpha units'><div class='post-entry post-entry-type-page post-entry-25'><div class='entry-content-wrapper clearfix'>\n\n<style type=\"text\/css\" data-created_by=\"avia_inline_auto\" id=\"style-css-av-lkgvf3us-2fff7b728a767ce17a615191aa1b298b\">\n#top .av-special-heading.av-lkgvf3us-2fff7b728a767ce17a615191aa1b298b{\npadding-bottom:10px;\ncolor:#ffffff;\nfont-size:30px;\n}\nbody .av-special-heading.av-lkgvf3us-2fff7b728a767ce17a615191aa1b298b .av-special-heading-tag .heading-char{\nfont-size:25px;\n}\n#top #wrap_all .av-special-heading.av-lkgvf3us-2fff7b728a767ce17a615191aa1b298b .av-special-heading-tag{\nfont-size:30px;\n}\n.av-special-heading.av-lkgvf3us-2fff7b728a767ce17a615191aa1b298b .special-heading-inner-border{\nborder-color:#ffffff;\n}\n.av-special-heading.av-lkgvf3us-2fff7b728a767ce17a615191aa1b298b .av-subheading{\nfont-size:15px;\n}\n\n@media only screen and (min-width: 480px) and (max-width: 767px){ \n#top #wrap_all .av-special-heading.av-lkgvf3us-2fff7b728a767ce17a615191aa1b298b .av-special-heading-tag{\nfont-size:0.8em;\n}\n}\n\n@media only screen and (max-width: 479px){ \n#top #wrap_all .av-special-heading.av-lkgvf3us-2fff7b728a767ce17a615191aa1b298b .av-special-heading-tag{\nfont-size:0.8em;\n}\n}\n<\/style>\n<div  class='av-special-heading av-lkgvf3us-2fff7b728a767ce17a615191aa1b298b av-special-heading-h4 custom-color-heading blockquote modern-quote modern-centered  avia-builder-el-1  avia-builder-el-no-sibling  av-inherit-size'><h4 class='av-special-heading-tag'  itemprop=\"headline\"  >Beispiele unserer Projekte <\/h4><div class=\"special-heading-border\"><div class=\"special-heading-inner-border\"><\/div><\/div><\/div>\n<\/div><\/div><\/main><!-- close content main element --><\/div><\/div><div id='after_section_1'  class='main_color av_default_container_wrap container_wrap sidebar_right'  ><div class='container av-section-cont-open' ><div class='template-page content  av-content-small alpha units'><div class='post-entry post-entry-type-page post-entry-25'><div class='entry-content-wrapper clearfix'>\n\n<style type=\"text\/css\" data-created_by=\"avia_inline_auto\" id=\"style-css-av-iqdc1-6d648b9d3d46542940032d70d465e585\">\n#top .hr.av-iqdc1-6d648b9d3d46542940032d70d465e585{\nmargin-top:5px;\nmargin-bottom:35px;\n}\n.hr.av-iqdc1-6d648b9d3d46542940032d70d465e585 .hr-inner{\nwidth:50px;\nborder-color:#efbb20;\n}\n<\/style>\n<div  class='hr av-iqdc1-6d648b9d3d46542940032d70d465e585 hr-custom  avia-builder-el-2  el_after_av_section  el_before_av_one_half  avia-builder-el-first  hr-center hr-icon-no'><span class='hr-inner inner-border-av-border-fat'><span class=\"hr-inner-style\"><\/span><\/span><\/div>\n\n<style type=\"text\/css\" data-created_by=\"avia_inline_auto\" id=\"style-css-av-1u36p-ba5aa8139ab53f15c6d10de9c9af57d0\">\n.flex_column.av-1u36p-ba5aa8139ab53f15c6d10de9c9af57d0{\nborder-radius:0px 0px 0px 0px;\npadding:0px 0px 0px 0px;\n}\n<\/style>\n<div  class='flex_column av-1u36p-ba5aa8139ab53f15c6d10de9c9af57d0 av_one_half  avia-builder-el-3  el_after_av_hr  el_before_av_one_half  first flex_column_div av-animated-generic bottom-to-top av-zero-column-padding  '     ><p>\n<style type=\"text\/css\" data-created_by=\"avia_inline_auto\" id=\"style-css-av-hmfwt-d47528c7f329913bc5c65858ff663619\">\n.avia-image-container.av-hmfwt-d47528c7f329913bc5c65858ff663619 img.avia_image{\nbox-shadow:none;\n}\n.avia-image-container.av-hmfwt-d47528c7f329913bc5c65858ff663619 .av-image-caption-overlay-center{\ncolor:#ffffff;\n}\n<\/style>\n<div  class='avia-image-container av-hmfwt-d47528c7f329913bc5c65858ff663619 av-styling-no-styling avia-align-center  avia-builder-el-4  el_before_av_heading  avia-builder-el-first '   itemprop=\"image\" itemscope=\"itemscope\" itemtype=\"https:\/\/schema.org\/ImageObject\" ><div class=\"avia-image-container-inner\"><div class=\"avia-image-overlay-wrap\"><a href=\"https:\/\/altmarktgarten-oberhausen.de\/\" class='avia_image' ><img decoding=\"async\" class='wp-image-357 avia-img-lazy-loading-not-357 avia_image ' src=\"https:\/\/elegant-mirzakhani.88-151-65-91.plesk.page\/wp-content\/uploads\/2023\/07\/Frank-Rogner-1500x630.jpg\" alt='' title='Frank Rogner'  height=\"630\" width=\"1500\"  itemprop=\"thumbnailUrl\"  \/><\/a><\/div><\/div><\/div><br \/>\n\n<style type=\"text\/css\" data-created_by=\"avia_inline_auto\" id=\"style-css-av-gw5dt-ddbaee79f21abf1e40e297839ede3b54\">\n#top .av-special-heading.av-gw5dt-ddbaee79f21abf1e40e297839ede3b54{\npadding-bottom:0;\n}\nbody .av-special-heading.av-gw5dt-ddbaee79f21abf1e40e297839ede3b54 .av-special-heading-tag .heading-char{\nfont-size:25px;\n}\n.av-special-heading.av-gw5dt-ddbaee79f21abf1e40e297839ede3b54 .av-subheading{\nfont-size:15px;\n}\n<\/style>\n<div  class='av-special-heading av-gw5dt-ddbaee79f21abf1e40e297839ede3b54 av-special-heading-h4 blockquote modern-quote modern-centered  avia-builder-el-5  el_after_av_image  el_before_av_hr '><h4 class='av-special-heading-tag'  itemprop=\"headline\"  >Dachgew\u00e4chshaus Oberhausen <\/h4><div class='av-subheading av-subheading_below'><p>Reallabor<\/p>\n<\/div><div class=\"special-heading-border\"><div class=\"special-heading-inner-border\"><\/div><\/div><\/div><br \/>\n<div  class='hr av-1og6d-94bda319191fec2e216559f5ce0dfd0b hr-default  avia-builder-el-6  el_after_av_heading  avia-builder-el-last '><span class='hr-inner '><span class=\"hr-inner-style\"><\/span><\/span><\/div><\/p><\/div>\n\n<style type=\"text\/css\" data-created_by=\"avia_inline_auto\" id=\"style-css-av-fggfd-94057bdeb3dbdf5fb0107594b3b9755b\">\n.flex_column.av-fggfd-94057bdeb3dbdf5fb0107594b3b9755b{\nborder-radius:0px 0px 0px 0px;\npadding:0px 0px 0px 0px;\n}\n<\/style>\n<div  class='flex_column av-fggfd-94057bdeb3dbdf5fb0107594b3b9755b av_one_half  avia-builder-el-7  el_after_av_one_half  el_before_av_one_half  flex_column_div av-animated-generic bottom-to-top av-zero-column-padding  '     ><p>\n<style type=\"text\/css\" data-created_by=\"avia_inline_auto\" id=\"style-css-av-lkgu5g24-613ddafcf059413dbf0363d9dabecb18\">\n.avia-image-container.av-lkgu5g24-613ddafcf059413dbf0363d9dabecb18 img.avia_image{\nbox-shadow:none;\n}\n.avia-image-container.av-lkgu5g24-613ddafcf059413dbf0363d9dabecb18 .av-image-caption-overlay-center{\ncolor:#ffffff;\n}\n<\/style>\n<div  class='avia-image-container av-lkgu5g24-613ddafcf059413dbf0363d9dabecb18 av-styling- avia-align-center  avia-builder-el-8  el_before_av_heading  avia-builder-el-first '   itemprop=\"image\" itemscope=\"itemscope\" itemtype=\"https:\/\/schema.org\/ImageObject\" ><div class=\"avia-image-container-inner\"><div class=\"avia-image-overlay-wrap\"><img decoding=\"async\" class='wp-image-303 avia-img-lazy-loading-not-303 avia_image ' src=\"https:\/\/elegant-mirzakhani.88-151-65-91.plesk.page\/wp-content\/uploads\/2023\/07\/BunkerFarm_2-1500x630.jpg\" alt='' title='BunkerFarm_2'  height=\"630\" width=\"1500\"  itemprop=\"thumbnailUrl\"  \/><\/div><\/div><\/div><br \/>\n\n<style type=\"text\/css\" data-created_by=\"avia_inline_auto\" id=\"style-css-av-dwv45-dbcf9655d404410218687e1e6f0670f9\">\n#top .av-special-heading.av-dwv45-dbcf9655d404410218687e1e6f0670f9{\npadding-bottom:0;\n}\nbody .av-special-heading.av-dwv45-dbcf9655d404410218687e1e6f0670f9 .av-special-heading-tag .heading-char{\nfont-size:25px;\n}\n.av-special-heading.av-dwv45-dbcf9655d404410218687e1e6f0670f9 .av-subheading{\nfont-size:15px;\n}\n<\/style>\n<div  class='av-special-heading av-dwv45-dbcf9655d404410218687e1e6f0670f9 av-special-heading-h3 blockquote modern-quote modern-centered  avia-builder-el-9  el_after_av_image  el_before_av_hr  av-linked-heading'><h3 class='av-special-heading-tag'  itemprop=\"headline\"  ><a class=\"av-heading-link\" href=\"https:\/\/we-house.life\/standorte\/herne\/\" >Indoor-Farm<\/a><\/h3><div class='av-subheading av-subheading_below'><p>We-House in Herne<\/p>\n<\/div><div class=\"special-heading-border\"><div class=\"special-heading-inner-border\"><\/div><\/div><\/div><br \/>\n<div  class='hr av-15uqd-169d45fa951446db78795525b5e55020 hr-default  avia-builder-el-10  el_after_av_heading  avia-builder-el-last '><span class='hr-inner '><span class=\"hr-inner-style\"><\/span><\/span><\/div><\/p><\/div>\n\n<style type=\"text\/css\" data-created_by=\"avia_inline_auto\" id=\"style-css-av-c8yk1-7aa505f3a7863971af5b91c0b7532220\">\n.flex_column.av-c8yk1-7aa505f3a7863971af5b91c0b7532220{\nborder-radius:0px 0px 0px 0px;\npadding:0px 0px 0px 0px;\n}\n<\/style>\n<div  class='flex_column av-c8yk1-7aa505f3a7863971af5b91c0b7532220 av_one_half  avia-builder-el-11  el_after_av_one_half  el_before_av_one_half  first flex_column_div av-animated-generic bottom-to-top av-zero-column-padding  column-top-margin'     ><p>\n<style type=\"text\/css\" data-created_by=\"avia_inline_auto\" id=\"style-css-av-brfdt-ab82d7cb4d6aa4582569912ee30c3629\">\n.avia-image-container.av-brfdt-ab82d7cb4d6aa4582569912ee30c3629 img.avia_image{\nbox-shadow:none;\n}\n.avia-image-container.av-brfdt-ab82d7cb4d6aa4582569912ee30c3629 .av-image-caption-overlay-center{\ncolor:#ffffff;\n}\n<\/style>\n<div  class='avia-image-container av-brfdt-ab82d7cb4d6aa4582569912ee30c3629 av-styling- avia-align-center  avia-builder-el-12  el_before_av_heading  avia-builder-el-first '   itemprop=\"image\" itemscope=\"itemscope\" itemtype=\"https:\/\/schema.org\/ImageObject\" ><div class=\"avia-image-container-inner\"><div class=\"avia-image-overlay-wrap\"><a href=\"https:\/\/www.igb-berlin.de\/\" class='avia_image' ><img decoding=\"async\" class='wp-image-490 avia-img-lazy-loading-not-490 avia_image ' src=\"https:\/\/elegant-mirzakhani.88-151-65-91.plesk.page\/wp-content\/uploads\/2023\/07\/Projekt-Exner-Gruene-Innovation-2.jpg\" alt='' title='Projekt Exner Gr\u00fcne Innovation'  height=\"350\" width=\"663\"  itemprop=\"thumbnailUrl\" srcset=\"https:\/\/elegant-mirzakhani.88-151-65-91.plesk.page\/wp-content\/uploads\/2023\/07\/Projekt-Exner-Gruene-Innovation-2.jpg 663w, https:\/\/elegant-mirzakhani.88-151-65-91.plesk.page\/wp-content\/uploads\/2023\/07\/Projekt-Exner-Gruene-Innovation-2-300x158.jpg 300w\" sizes=\"(max-width: 663px) 100vw, 663px\" \/><\/a><\/div><\/div><\/div><br \/>\n\n<style type=\"text\/css\" data-created_by=\"avia_inline_auto\" id=\"style-css-av-b8f4h-e442a76bded0bf10ddc542d94fa093cf\">\n#top .av-special-heading.av-b8f4h-e442a76bded0bf10ddc542d94fa093cf{\npadding-bottom:0;\n}\nbody .av-special-heading.av-b8f4h-e442a76bded0bf10ddc542d94fa093cf .av-special-heading-tag .heading-char{\nfont-size:25px;\n}\n.av-special-heading.av-b8f4h-e442a76bded0bf10ddc542d94fa093cf .av-subheading{\nfont-size:15px;\n}\n<\/style>\n<div  class='av-special-heading av-b8f4h-e442a76bded0bf10ddc542d94fa093cf av-special-heading-h4 blockquote modern-quote modern-centered  avia-builder-el-13  el_after_av_image  el_before_av_hr '><h4 class='av-special-heading-tag'  itemprop=\"headline\"  >Forschungsgew\u00e4chshaus <\/h4><div class='av-subheading av-subheading_below'><p>IGB Berlin<br \/>\nInstitut f\u00fcr Fischerei\u00f6kologie<\/p>\n<\/div><div class=\"special-heading-border\"><div class=\"special-heading-inner-border\"><\/div><\/div><\/div><br \/>\n\n<style type=\"text\/css\" data-created_by=\"avia_inline_auto\" id=\"style-css-av-aki0h-eb536b0d21137e86a4bf675fe2f9b23b\">\n#top .hr.av-aki0h-eb536b0d21137e86a4bf675fe2f9b23b{\nmargin-top:10px;\nmargin-bottom:10px;\n}\n.hr.av-aki0h-eb536b0d21137e86a4bf675fe2f9b23b .hr-inner{\nwidth:50px;\nborder-color:#efbb20;\n}\n<\/style>\n<div  class='hr av-aki0h-eb536b0d21137e86a4bf675fe2f9b23b hr-custom  avia-builder-el-14  el_after_av_heading  avia-builder-el-last  hr-left hr-icon-no'><span class='hr-inner inner-border-av-border-fat'><span class=\"hr-inner-style\"><\/span><\/span><\/div><\/p><\/div>\n<style type=\"text\/css\" data-created_by=\"avia_inline_auto\" id=\"style-css-av-9hsf1-da79c2d4b0daa81b5ebaebea13f458a3\">\n.flex_column.av-9hsf1-da79c2d4b0daa81b5ebaebea13f458a3{\nborder-radius:0px 0px 0px 0px;\npadding:0px 0px 0px 0px;\n}\n<\/style>\n<div  class='flex_column av-9hsf1-da79c2d4b0daa81b5ebaebea13f458a3 av_one_half  avia-builder-el-15  el_after_av_one_half  el_before_av_one_half  flex_column_div av-animated-generic bottom-to-top av-zero-column-padding  column-top-margin'     ><p>\n<style type=\"text\/css\" data-created_by=\"avia_inline_auto\" id=\"style-css-av-8vwat-84d2e24b4453347ebbf7a996c6251168\">\n.avia-image-container.av-8vwat-84d2e24b4453347ebbf7a996c6251168 img.avia_image{\nbox-shadow:none;\n}\n.avia-image-container.av-8vwat-84d2e24b4453347ebbf7a996c6251168 .av-image-caption-overlay-center{\ncolor:#ffffff;\n}\n<\/style>\n<div  class='avia-image-container av-8vwat-84d2e24b4453347ebbf7a996c6251168 av-styling-no-styling avia-align-center  avia-builder-el-16  el_before_av_heading  avia-builder-el-first '   itemprop=\"image\" itemscope=\"itemscope\" itemtype=\"https:\/\/schema.org\/ImageObject\" ><div class=\"avia-image-container-inner\"><div class=\"avia-image-overlay-wrap\"><a href=\"https:\/\/www.ecco-jaeger.ch\/aquaponik\" class='avia_image' ><img decoding=\"async\" class='wp-image-359 avia-img-lazy-loading-not-359 avia_image ' src=\"https:\/\/elegant-mirzakhani.88-151-65-91.plesk.page\/wp-content\/uploads\/2023\/07\/Ecco-Jaeger.jpg\" alt='' title='Ecco J\u00e4ger'  height=\"350\" width=\"663\"  itemprop=\"thumbnailUrl\" srcset=\"https:\/\/elegant-mirzakhani.88-151-65-91.plesk.page\/wp-content\/uploads\/2023\/07\/Ecco-Jaeger.jpg 663w, https:\/\/elegant-mirzakhani.88-151-65-91.plesk.page\/wp-content\/uploads\/2023\/07\/Ecco-Jaeger-300x158.jpg 300w\" sizes=\"(max-width: 663px) 100vw, 663px\" \/><\/a><\/div><\/div><\/div><br \/>\n\n<style type=\"text\/css\" data-created_by=\"avia_inline_auto\" id=\"style-css-av-876pt-7229503c3c5b22f178d5cfe8a56f996a\">\n#top .av-special-heading.av-876pt-7229503c3c5b22f178d5cfe8a56f996a{\npadding-bottom:0;\n}\nbody .av-special-heading.av-876pt-7229503c3c5b22f178d5cfe8a56f996a .av-special-heading-tag .heading-char{\nfont-size:25px;\n}\n.av-special-heading.av-876pt-7229503c3c5b22f178d5cfe8a56f996a .av-subheading{\nfont-size:15px;\n}\n<\/style>\n<div  class='av-special-heading av-876pt-7229503c3c5b22f178d5cfe8a56f996a av-special-heading-h4 blockquote modern-quote modern-centered  avia-builder-el-17  el_after_av_image  el_before_av_hr '><h4 class='av-special-heading-tag'  itemprop=\"headline\"  >Ecco J\u00e4ger <\/h4><div class='av-subheading av-subheading_below'><p>Ecco J\u00e4ger hat sich vom kleinen Gem\u00fcsehandel zu einem bedeutenden Gem\u00fcsegro\u00dfhandel entwickelt.<\/p>\n<\/div><div class=\"special-heading-border\"><div class=\"special-heading-inner-border\"><\/div><\/div><\/div><br \/>\n<div  class='hr av-yqbt-ce788760bb49f0a73752f76664d71679 hr-default  avia-builder-el-18  el_after_av_heading  avia-builder-el-last '><span class='hr-inner '><span class=\"hr-inner-style\"><\/span><\/span><\/div><\/p><\/div>\n<style type=\"text\/css\" data-created_by=\"avia_inline_auto\" id=\"style-css-av-680oh-5c1252a09c3a673d7c7aeaee5da552b6\">\n.flex_column.av-680oh-5c1252a09c3a673d7c7aeaee5da552b6{\nborder-radius:0px 0px 0px 0px;\npadding:0px 0px 0px 0px;\n}\n<\/style>\n<div  class='flex_column av-680oh-5c1252a09c3a673d7c7aeaee5da552b6 av_one_half  avia-builder-el-19  el_after_av_one_half  el_before_av_one_half  first flex_column_div av-animated-generic bottom-to-top av-zero-column-padding  column-top-margin'     ><p>\n<style type=\"text\/css\" data-created_by=\"avia_inline_auto\" id=\"style-css-av-5u0ih-baeaf60bb570142d370cce7f041e0fdb\">\n.avia-image-container.av-5u0ih-baeaf60bb570142d370cce7f041e0fdb img.avia_image{\nbox-shadow:none;\n}\n.avia-image-container.av-5u0ih-baeaf60bb570142d370cce7f041e0fdb .av-image-caption-overlay-center{\ncolor:#ffffff;\n}\n<\/style>\n<div  class='avia-image-container av-5u0ih-baeaf60bb570142d370cce7f041e0fdb av-styling-no-styling avia-align-center  avia-builder-el-20  el_before_av_heading  avia-builder-el-first '   itemprop=\"image\" itemscope=\"itemscope\" itemtype=\"https:\/\/schema.org\/ImageObject\" ><div class=\"avia-image-container-inner\"><div class=\"avia-image-overlay-wrap\"><a href=\"https:\/\/www.ecf-farmsystems.com\/\" class='avia_image' ><img decoding=\"async\" class='wp-image-362 avia-img-lazy-loading-not-362 avia_image ' src=\"https:\/\/elegant-mirzakhani.88-151-65-91.plesk.page\/wp-content\/uploads\/2023\/07\/2-ecffarmpanorama-1500x630.jpg\" alt='' title='2-ecffarmpanorama'  height=\"630\" width=\"1500\"  itemprop=\"thumbnailUrl\"  \/><\/a><\/div><\/div><\/div><br \/>\n\n<style type=\"text\/css\" data-created_by=\"avia_inline_auto\" id=\"style-css-av-53sx1-be33ff0c696f51a49b9a1e413d5cddc0\">\n#top .av-special-heading.av-53sx1-be33ff0c696f51a49b9a1e413d5cddc0{\npadding-bottom:0;\n}\nbody .av-special-heading.av-53sx1-be33ff0c696f51a49b9a1e413d5cddc0 .av-special-heading-tag .heading-char{\nfont-size:25px;\n}\n.av-special-heading.av-53sx1-be33ff0c696f51a49b9a1e413d5cddc0 .av-subheading{\nfont-size:15px;\n}\n<\/style>\n<div  class='av-special-heading av-53sx1-be33ff0c696f51a49b9a1e413d5cddc0 av-special-heading-h4 blockquote modern-quote modern-centered  avia-builder-el-21  el_after_av_image  el_before_av_hr '><h4 class='av-special-heading-tag'  itemprop=\"headline\"  >ECF Berlin <\/h4><div class='av-subheading av-subheading_below'><p>Neubau der Akquaponik-Anlage<\/p>\n<\/div><div class=\"special-heading-border\"><div class=\"special-heading-inner-border\"><\/div><\/div><\/div><br \/>\n\n<style type=\"text\/css\" data-created_by=\"avia_inline_auto\" id=\"style-css-av-g9z5-38afb096b0bcaded6c2db3dcdc06c0ec\">\n#top .hr.av-g9z5-38afb096b0bcaded6c2db3dcdc06c0ec{\nmargin-top:10px;\nmargin-bottom:10px;\n}\n.hr.av-g9z5-38afb096b0bcaded6c2db3dcdc06c0ec .hr-inner{\nwidth:50px;\nborder-color:#efbb20;\n}\n<\/style>\n<div  class='hr av-g9z5-38afb096b0bcaded6c2db3dcdc06c0ec hr-custom  avia-builder-el-22  el_after_av_heading  avia-builder-el-last  hr-left hr-icon-no'><span class='hr-inner inner-border-av-border-fat'><span class=\"hr-inner-style\"><\/span><\/span><\/div><\/p><\/div><\/p>\n\n<style type=\"text\/css\" data-created_by=\"avia_inline_auto\" id=\"style-css-av-3c43d-1227485607a521491a9cba4f3c3c88b7\">\n.flex_column.av-3c43d-1227485607a521491a9cba4f3c3c88b7{\nborder-radius:0px 0px 0px 0px;\npadding:0px 0px 0px 0px;\n}\n<\/style>\n<div  class='flex_column av-3c43d-1227485607a521491a9cba4f3c3c88b7 av_one_half  avia-builder-el-23  el_after_av_one_half  avia-builder-el-last  flex_column_div av-animated-generic bottom-to-top av-zero-column-padding  column-top-margin'     ><p>\n<style type=\"text\/css\" data-created_by=\"avia_inline_auto\" id=\"style-css-av-2nitx-37dfcfc42675a287cf1e53ef9aa3c956\">\n.avia-image-container.av-2nitx-37dfcfc42675a287cf1e53ef9aa3c956 img.avia_image{\nbox-shadow:none;\n}\n.avia-image-container.av-2nitx-37dfcfc42675a287cf1e53ef9aa3c956 .av-image-caption-overlay-center{\ncolor:#ffffff;\n}\n<\/style>\n<div  class='avia-image-container av-2nitx-37dfcfc42675a287cf1e53ef9aa3c956 av-styling-no-styling avia-align-center  avia-builder-el-24  el_before_av_heading  avia-builder-el-first '   itemprop=\"image\" itemscope=\"itemscope\" itemtype=\"https:\/\/schema.org\/ImageObject\" ><div class=\"avia-image-container-inner\"><div class=\"avia-image-overlay-wrap\"><img decoding=\"async\" class='wp-image-363 avia-img-lazy-loading-not-363 avia_image ' src=\"https:\/\/elegant-mirzakhani.88-151-65-91.plesk.page\/wp-content\/uploads\/2023\/07\/Gartenbau-Schmidt-1500x630.jpg\" alt='' title='Gartenbau Schmidt'  height=\"630\" width=\"1500\"  itemprop=\"thumbnailUrl\"  \/><\/div><\/div><\/div><br \/>\n\n<style type=\"text\/css\" data-created_by=\"avia_inline_auto\" id=\"style-css-av-1xh3l-dc249fd255d23c8a9aba7290fd98c17b\">\n#top .av-special-heading.av-1xh3l-dc249fd255d23c8a9aba7290fd98c17b{\npadding-bottom:0;\n}\nbody .av-special-heading.av-1xh3l-dc249fd255d23c8a9aba7290fd98c17b .av-special-heading-tag .heading-char{\nfont-size:25px;\n}\n.av-special-heading.av-1xh3l-dc249fd255d23c8a9aba7290fd98c17b .av-subheading{\nfont-size:15px;\n}\n<\/style>\n<div  class='av-special-heading av-1xh3l-dc249fd255d23c8a9aba7290fd98c17b av-special-heading-h4 blockquote modern-quote modern-centered  avia-builder-el-25  el_after_av_image  el_before_av_hr '><h4 class='av-special-heading-tag'  itemprop=\"headline\"  >Gartenbau Schmidt <\/h4><div class=\"special-heading-border\"><div class=\"special-heading-inner-border\"><\/div><\/div><\/div><br \/>\n\n<style type=\"text\/css\" data-created_by=\"avia_inline_auto\" id=\"style-css-av-1gt95-3d9e15bc3d05c9e48d1d50c317e10823\">\n#top .hr.av-1gt95-3d9e15bc3d05c9e48d1d50c317e10823{\nmargin-top:10px;\nmargin-bottom:10px;\n}\n.hr.av-1gt95-3d9e15bc3d05c9e48d1d50c317e10823 .hr-inner{\nwidth:50px;\nborder-color:#efbb20;\n}\n<\/style>\n<div  class='hr av-1gt95-3d9e15bc3d05c9e48d1d50c317e10823 hr-custom  avia-builder-el-26  el_after_av_heading  avia-builder-el-last  hr-left hr-icon-no'><span class='hr-inner inner-border-av-border-fat'><span class=\"hr-inner-style\"><\/span><\/span><\/div><\/p><\/div>\n","protected":false},"excerpt":{"rendered":"","protected":false},"author":1,"featured_media":0,"parent":0,"menu_order":0,"comment_status":"closed","ping_status":"closed","template":"","meta":{"footnotes":""},"_links":{"self":[{"href":"https:\/\/elegant-mirzakhani.88-151-65-91.plesk.page\/index.php?rest_route=\/wp\/v2\/pages\/25"}],"collection":[{"href":"https:\/\/elegant-mirzakhani.88-151-65-91.plesk.page\/index.php?rest_route=\/wp\/v2\/pages"}],"about":[{"href":"https:\/\/elegant-mirzakhani.88-151-65-91.plesk.page\/index.php?rest_route=\/wp\/v2\/types\/page"}],"author":[{"embeddable":true,"href":"https:\/\/elegant-mirzakhani.88-151-65-91.plesk.page\/index.php?rest_route=\/wp\/v2\/users\/1"}],"replies":[{"embeddable":true,"href":"https:\/\/elegant-mirzakhani.88-151-65-91.plesk.page\/index.php?rest_route=%2Fwp%2Fv2%2Fcomments&post=25"}],"version-history":[{"count":13,"href":"https:\/\/elegant-mirzakhani.88-151-65-91.plesk.page\/index.php?rest_route=\/wp\/v2\/pages\/25\/revisions"}],"predecessor-version":[{"id":491,"href":"https:\/\/elegant-mirzakhani.88-151-65-91.plesk.page\/index.php?rest_route=\/wp\/v2\/pages\/25\/revisions\/491"}],"wp:attachment":[{"href":"https:\/\/elegant-mirzakhani.88-151-65-91.plesk.page\/index.php?rest_route=%2Fwp%2Fv2%2Fmedia&parent=25"}],"curies":[{"name":"wp","href":"https:\/\/api.w.org\/{rel}","templated":true}]}}